{"id":346,"date":"2023-05-11T00:49:42","date_gmt":"2023-05-11T00:49:42","guid":{"rendered":"http:\/\/ninascar.com\/?page_id=346"},"modified":"2023-05-13T03:44:18","modified_gmt":"2023-05-13T03:44:18","slug":"mentions-legales","status":"publish","type":"page","link":"https:\/\/ninascar.com\/en\/mentions-legales\/","title":{"rendered":"Mentions L\u00e9gales"},"content":{"rendered":"<div data-elementor-type=\"wp-page\" data-elementor-id=\"346\" class=\"elementor elementor-346\">\n\t\t\t\t\t\t<section class=\"elementor-section elementor-top-section elementor-element elementor-element-e3af796 elementor-section-boxed elementor-section-height-default elementor-section-height-default\" data-id=\"e3af796\" data-element_type=\"section\" data-e-type=\"section\" data-settings=\"{&quot;background_background&quot;:&quot;classic&quot;}\">\n\t\t\t\t\t\t\t<div class=\"elementor-background-overlay\"><\/div>\n\t\t\t\t\t\t\t<div class=\"elementor-container elementor-column-gap-default\">\n\t\t\t\t\t<div class=\"elementor-column elementor-col-100 elementor-top-column elementor-element elementor-element-b4ec59e\" data-id=\"b4ec59e\" data-element_type=\"column\" data-e-type=\"column\">\n\t\t\t<div class=\"elementor-widget-wrap elementor-element-populated\">\n\t\t\t\t\t\t<div class=\"elementor-element elementor-element-f9c7400 animated-slow elementor-invisible elementor-widget elementor-widget-heading\" data-id=\"f9c7400\" data-element_type=\"widget\" data-e-type=\"widget\" data-settings=\"{&quot;_animation&quot;:&quot;fadeIn&quot;,&quot;_animation_delay&quot;:700}\" data-widget_type=\"heading.default\">\n\t\t\t\t<div class=\"elementor-widget-container\">\n\t\t\t\t\t<h1 class=\"elementor-heading-title elementor-size-default\">Legal information<\/h1>\t\t\t\t<\/div>\n\t\t\t\t<\/div>\n\t\t\t\t<div class=\"elementor-element elementor-element-586040c animated-slow elementor-align-center elementor-mobile-align-center elementor-invisible elementor-widget elementor-widget-button\" data-id=\"586040c\" data-element_type=\"widget\" data-e-type=\"widget\" data-settings=\"{&quot;_animation&quot;:&quot;fadeIn&quot;,&quot;_animation_delay&quot;:600}\" data-widget_type=\"button.default\">\n\t\t\t\t<div class=\"elementor-widget-container\">\n\t\t\t\t\t\t\t\t\t<div class=\"elementor-button-wrapper\">\n\t\t\t\t\t<a class=\"elementor-button elementor-button-link elementor-size-sm elementor-animation-grow\" href=\"http:\/\/ninascar.com\/en\/contact\/\">\n\t\t\t\t\t\t<span class=\"elementor-button-content-wrapper\">\n\t\t\t\t\t\t\t\t\t<span class=\"elementor-button-text\">Book your vehicle<\/span>\n\t\t\t\t\t<\/span>\n\t\t\t\t\t<\/a>\n\t\t\t\t<\/div>\n\t\t\t\t\t\t\t\t<\/div>\n\t\t\t\t<\/div>\n\t\t\t\t\t<\/div>\n\t\t<\/div>\n\t\t\t\t\t<\/div>\n\t\t<\/section>\n\t\t\t\t<section class=\"elementor-section elementor-top-section elementor-element elementor-element-4ddb52e elementor-section-boxed elementor-section-height-default elementor-section-height-default\" data-id=\"4ddb52e\" data-element_type=\"section\" data-e-type=\"section\">\n\t\t\t\t\t\t<div class=\"elementor-container elementor-column-gap-default\">\n\t\t\t\t\t<div class=\"elementor-column elementor-col-100 elementor-top-column elementor-element elementor-element-169a84f\" data-id=\"169a84f\" data-element_type=\"column\" data-e-type=\"column\">\n\t\t\t<div class=\"elementor-widget-wrap elementor-element-populated\">\n\t\t\t\t\t\t<div class=\"elementor-element elementor-element-bf5fa9a elementor-widget elementor-widget-text-editor\" data-id=\"bf5fa9a\" data-element_type=\"widget\" data-e-type=\"widget\" data-widget_type=\"text-editor.default\">\n\t\t\t\t<div class=\"elementor-widget-container\">\n\t\t\t\t\t\t\t\t\t<p class=\"translation-block\">Nina\u2019s car Une entreprise qui s\u2019engage \u00e0 la transparence avec ses clients, propose de vraies assurances, se consacre \u00e0 la location de v\u00e9hicules et travaille dans le respect des lois tha\u00eflandaises. Nina\u2019s cars, pour des vacances en toute s\u00e9curit\u00e9. 61\/34 Moo4 Visit Road Rawai Muang 83130 PHUKET THAILANDE E-mail : ninascars@gmail.com T\u00e9l. : 00 66 (0) 89 648 04 99 (fran\u00e7ais\/anglais) 00 66 (0) 87 628 70 12 (tha\u00ef\/anglais)<br>Publication<br>Directeur de la publication : M. Michel Diouron<br>H\u00e9bergement<br>1&amp;1 IONOS SARL<br>7, place de la Gare, BP 70109, 57200 Sarreguemines Cedex, 431 303 775 RCS Sarreguemines, T\u00e9l : 0970 808 911 Contact : info@IONOS.fr<br>Conditions tarifaires<br>Les tarifs publi\u00e9s sont donn\u00e9s \u00e0 titre indicatif et peuvent \u00eatre modifi\u00e9s \u00e0 tout moment sans pr\u00e9avis. Un devis d\u00e9taill\u00e9 sera fourni pour approbation avant de confirmer toute r\u00e9servation.<br>Photos<br>Toutes les photos publi\u00e9es sur ce site sont personnelles et ne peuvent \u00eatre utilis\u00e9es sans accord pr\u00e9alable.<br>Droits d\u2019auteur<br>Ce site est prot\u00e9g\u00e9 par le droit d\u2019auteur, toute utilisation, copie, m\u00eame partielle, sans accord pr\u00e9alable peut faire l\u2019objet de poursuites.<br>Assurance Nina\u2019s Cars choisissez la s\u00e9curit\u00e9 !<br>Assurance automobile :<br>Toutes nos voitures sont assur\u00e9es tous risques. Notre compagnie d\u2019assurance est : Axa insurance Public Company 23 floor Limpini Tower 1186\/6 Rama 4 road Thungmahamek Sathon Bangkok 10120 Repr\u00e9sentant local Axa Phuket : : M. Laurent Cosse : 00 66 (0)8 419 04 001 Nous sommes la seule soci\u00e9t\u00e9 de location de voitures \u00e0 Phuket \u00e0 avoir convaincu le groupe AXA d\u2019assurer nos voitures.<br>Garanties personnelles :<br>H\u00f4pital : 50 000 THB par personne avec un maximum de 250 000 THB par accident.<br>D\u00e9c\u00e8s, invalidit\u00e9, perte d\u2019un membre : 50 000 THB par personne avec un maximum de 250 000 THB par accident.<br>Frais de justice, caution : maximum de 200 000 THB.<br>Garanties aux tiers :<br>D\u00e9c\u00e8s ou blessures : 500 000 THB par personne avec un maximum de 10 000 000 THB par accident.<br>Dommages au v\u00e9hicule : maximum de 600 000 THB par accident.<\/p><p class=\"translation-block\">Garantie pour les v\u00e9hicules :<br>Dans le cadre de l\u2019assurance tous risques, tous les frais li\u00e9s aux v\u00e9hicules et aux personnes sont pris en charge (sauf demande sp\u00e9ciale de la police), avec une franchise minimale de 3 000THB ne d\u00e9passant pas 10 000THB en cas d\u2019accident. Cette franchise peut \u00eatre r\u00e9\u00e9valu\u00e9e pour les v\u00e9hicules haut de gamme comme le Toyota Fortuner et le Hyundai H1.<br>Assurances pour les motos et les scooters :<br>Nina\u2019s Cars est la seule soci\u00e9t\u00e9 de location de Phuket \u00e0 offrir \u00e0 ses clients une assurance professionnelle pour leurs motos. Nous vous rappelons que, selon la loi tha\u00eflandaise, le nombre maximum de passagers sur un scooter est de 2 personnes, et qu\u2019en cas d\u2019infraction \u00e0 cette r\u00e8gle, aucune assurance ne vous couvrira, y compris votre assurance personnelle. 1) Assurance gouvernementale : Cette assurance est obligatoire. Cependant, le temps n\u00e9cessaire pour constituer votre dossier aupr\u00e8s des autorit\u00e9s est souvent bien plus long que la dur\u00e9e de vos vacances ! Nous nous engageons cependant \u00e0 mettre en place un dossier complet pour l\u2019obtention de ces garanties si nous avons le temps de le faire. Les garanties offertes sont les suivantes : \u2013 Frais m\u00e9dicaux : maximum 30 000 THB \u2013 Prime d\u00e9c\u00e8s : maximum 200 000 THB \u2013 Forfait journalier : 200 THB par jour jusqu\u2019\u00e0 20 jours. Toutes ces garanties cumul\u00e9es ne peuvent exc\u00e9der 240 000 THB. 2) Assurance au tiers : \u00e0 partir du 1er juillet 2016, nous serons en mesure de proposer une assurance au tiers pour la location de nos scooters, ce qui signifie que vous serez couvert pour tous les dommages qui pourraient survenir \u00e0 un tiers. Co\u00fbt : 100 THB par jour ou un forfait de 2 000 THB par mois pour les scooters 110\/125\/150 cc avec une franchise maximale de 4 000 THB assistance 24\/7. Pour les Yamaha Mslaz et Tmax, l\u2019assurance au tiers est incluse dans le prix de la location, avec une franchise maximale de 10 000 baths pour le Mslaz et de 40 000 bahts pour le T-Max. Garanties : \u2013 Frais m\u00e9dicaux 300 000 THB par personne, et un maximum de 10 millions THB par accident \u2013 Dommages : maximum de 1 000 000 THB \u2013 Frais m\u00e9dicaux pour le non-conducteur : maximum de 200 000 THB par accident. \u2013 D\u00e9c\u00e8s du passager : 50 000 THB par personne Une franchise de 4 000 THB s\u2019applique \u00e0 l\u2019assurance des tiers 3) Assurance contre le vol, les dommages et les incendies accidentels : Co\u00fbt 50 THB par jour ou un forfait de 1 000 THB par mois pour les scooters 110\/125\/150 cc avec une franchise de 4 000 THB assistance 24\/7. Garanties : Cette assurance vous couvre en cas de bris, de vol, de dommages, d\u2019incendie accidentel du v\u00e9hicule. Le montant maximum payable sera le montant de la franchise en fonction du type de v\u00e9hicule que vous louez. (Toutes ces informations sont publi\u00e9es \u00e0 titre indicatif et ne tiennent pas compte des changements qui pourraient intervenir en cours d\u2019ann\u00e9e. Pour de plus amples informations, veuillez nous contacter par e-mail \u00e0 l\u2019adresse suivante : contact@ninascar.com Outre l\u2019assurance gouvernementale, les assurances de tiers sont facultatives et d\u00e9pendent de votre d\u00e9cision ; toutefois, si vous d\u00e9cidez de ne pas prendre ces assurances, il vous sera demand\u00e9 de signer une d\u00e9charge de responsabilit\u00e9. Tout accident doit \u00eatre signal\u00e9 au bailleur, sous peine de forclusion, dans un d\u00e9lai maximum de 2 heures. Exclusions : En cas d\u2019accident, il n\u2019y aura pas de prise en charge par notre assurance dans les cas suivants : \u2013 D\u00e9faut de pr\u00e9sentation d\u2019un permis de conduire valide (un permis de conduire international est obligatoire selon la loi tha\u00eflandaise) \u2013 Conduite sous l\u2019emprise de l\u2019alcool ; \u2013 Conduite sous l\u2019emprise de stup\u00e9fiants quels qu\u2019ils soient ; \u2013 Utilisation inappropri\u00e9e du v\u00e9hicule (conduite sur la plage par exemple) ; \u2013 Accident survenu en dehors de Phuket sans en avoir inform\u00e9 le loueur ; \u2013 Non-d\u00e9claration d\u2019un accident au loueur apr\u00e8s un d\u00e9lai de 2 heures. Caution Sauf en cas d\u2019accord pr\u00e9alable, les r\u00e9servations de v\u00e9hicules ne seront confirm\u00e9es qu\u2019apr\u00e8s versement d\u2019une caution d\u2019un montant de 200 EUR ou \u00e9quivalent pour une voiture, et de 50 EUR ou \u00e9quivalent pour une moto. Toutes les instructions vous seront envoy\u00e9es pour que vous puissiez effectuer le paiement de votre caution par Paypal ou par carte de cr\u00e9dit (avec un suppl\u00e9ment de 4% du montant total pour couvrir les frais bancaires). :<\/p>\t\t\t\t\t\t\t\t<\/div>\n\t\t\t\t<\/div>\n\t\t\t\t\t<\/div>\n\t\t<\/div>\n\t\t\t\t\t<\/div>\n\t\t<\/section>\n\t\t\t\t<\/div>","protected":false},"excerpt":{"rendered":"<p>Mentions l\u00e9gales R\u00e9server votre v\u00e9hicule Nina&rsquo;s car Une entreprise qui s&rsquo;engage \u00e0 la transparence avec ses clients, propose de vraies assurances, se consacre \u00e0 la location de v\u00e9hicules et travaille dans le respect des lois tha\u00eflandaises. Nina&rsquo;s cars, pour des vacances en toute s\u00e9curit\u00e9. 61\/34 Moo4 Visit Road Rawai Muang 83130 PHUKET THAILANDE E-mail : [&hellip;]<\/p>\n","protected":false},"author":1,"featured_media":0,"parent":0,"menu_order":0,"comment_status":"closed","ping_status":"closed","template":"","meta":{"site-sidebar-layout":"no-sidebar","site-content-layout":"page-builder","ast-site-content-layout":"default","site-content-style":"default","site-sidebar-style":"default","ast-global-header-display":"","ast-banner-title-visibility":"","ast-main-header-display":"","ast-hfb-above-header-display":"","ast-hfb-below-header-display":"","ast-hfb-mobile-header-display":"","site-post-title":"disabled","ast-breadcrumbs-content":"","ast-featured-img":"disabled","footer-sml-layout":"","ast-disable-related-posts":"","theme-transparent-header-meta":"","adv-header-id-meta":"","stick-header-meta":"","header-above-stick-meta":"","header-main-stick-meta":"","header-below-stick-meta":"","astra-migrate-meta-layouts":"default","ast-page-background-enabled":"default","ast-page-background-meta":{"desktop":{"background-color":"var(--ast-global-color-4)","background-image":"","background-repeat":"repeat","background-position":"center center","background-size":"auto","background-attachment":"scroll","background-type":"","background-media":"","overlay-type":"","overlay-color":"","overlay-opacity":"","overlay-gradient":""},"tablet":{"background-color":"","background-image":"","background-repeat":"repeat","background-position":"center center","background-size":"auto","background-attachment":"scroll","background-type":"","background-media":"","overlay-type":"","overlay-color":"","overlay-opacity":"","overlay-gradient":""},"mobile":{"background-color":"","background-image":"","background-repeat":"repeat","background-position":"center center","background-size":"auto","background-attachment":"scroll","background-type":"","background-media":"","overlay-type":"","overlay-color":"","overlay-opacity":"","overlay-gradient":""}},"ast-content-background-meta":{"desktop":{"background-color":"var(--ast-global-color-5)","background-image":"","background-repeat":"repeat","background-position":"center center","background-size":"auto","background-attachment":"scroll","background-type":"","background-media":"","overlay-type":"","overlay-color":"","overlay-opacity":"","overlay-gradient":""},"tablet":{"background-color":"var(--ast-global-color-5)","background-image":"","background-repeat":"repeat","background-position":"center center","background-size":"auto","background-attachment":"scroll","background-type":"","background-media":"","overlay-type":"","overlay-color":"","overlay-opacity":"","overlay-gradient":""},"mobile":{"background-color":"var(--ast-global-color-5)","background-image":"","background-repeat":"repeat","background-position":"center center","background-size":"auto","background-attachment":"scroll","background-type":"","background-media":"","overlay-type":"","overlay-color":"","overlay-opacity":"","overlay-gradient":""}},"footnotes":""},"class_list":["post-346","page","type-page","status-publish","hentry"],"_links":{"self":[{"href":"https:\/\/ninascar.com\/en\/wp-json\/wp\/v2\/pages\/346","targetHints":{"allow":["GET"]}}],"collection":[{"href":"https:\/\/ninascar.com\/en\/wp-json\/wp\/v2\/pages"}],"about":[{"href":"https:\/\/ninascar.com\/en\/wp-json\/wp\/v2\/types\/page"}],"author":[{"embeddable":true,"href":"https:\/\/ninascar.com\/en\/wp-json\/wp\/v2\/users\/1"}],"replies":[{"embeddable":true,"href":"https:\/\/ninascar.com\/en\/wp-json\/wp\/v2\/comments?post=346"}],"version-history":[{"count":5,"href":"https:\/\/ninascar.com\/en\/wp-json\/wp\/v2\/pages\/346\/revisions"}],"predecessor-version":[{"id":390,"href":"https:\/\/ninascar.com\/en\/wp-json\/wp\/v2\/pages\/346\/revisions\/390"}],"wp:attachment":[{"href":"https:\/\/ninascar.com\/en\/wp-json\/wp\/v2\/media?parent=346"}],"curies":[{"name":"wp","href":"https:\/\/api.w.org\/{rel}","templated":true}]}}